{"id":15,"date":"2025-02-20T13:38:14","date_gmt":"2025-02-20T13:38:14","guid":{"rendered":"https:\/\/sgsvz.ch\/?page_id=15"},"modified":"2025-02-23T13:18:43","modified_gmt":"2025-02-23T13:18:43","slug":"ueber","status":"publish","type":"page","link":"https:\/\/sgsvz.ch\/?page_id=15","title":{"rendered":"\u00dcber uns"},"content":{"rendered":"\n<p>Vielleicht bist du k\u00fcnstlerisch t\u00e4tig und m\u00f6chtest dich und deine Arbeiten hier vorstellen. Oder du hast vielleicht ein Unternehmen, dessen Mission du hier beschreiben m\u00f6chtest.<\/p>\n\n\n\n<div class=\"wp-block-media-text is-stacked-on-mobile is-image-fill-element has-black-color has-white-background-color has-text-color has-background has-link-color wp-elements-f7a7a4883c70a1d0e5ab66be10e72ab0\"><figure class=\"wp-block-media-text__media\"><img loading=\"lazy\" decoding=\"async\" width=\"1024\" height=\"1024\" src=\"https:\/\/sgsvz.ch\/wp-content\/uploads\/2025\/02\/Untitled_Artwork-1024x1024.png\" alt=\"\" class=\"wp-image-55 size-full\" style=\"object-position:50% 50%\" srcset=\"https:\/\/sgsvz.ch\/wp-content\/uploads\/2025\/02\/Untitled_Artwork-1024x1024.png 1024w, https:\/\/sgsvz.ch\/wp-content\/uploads\/2025\/02\/Untitled_Artwork-300x300.png 300w, https:\/\/sgsvz.ch\/wp-content\/uploads\/2025\/02\/Untitled_Artwork-150x150.png 150w, https:\/\/sgsvz.ch\/wp-content\/uploads\/2025\/02\/Untitled_Artwork-768x768.png 768w, https:\/\/sgsvz.ch\/wp-content\/uploads\/2025\/02\/Untitled_Artwork-1536x1536.png 1536w, https:\/\/sgsvz.ch\/wp-content\/uploads\/2025\/02\/Untitled_Artwork-100x100.png 100w, https:\/\/sgsvz.ch\/wp-content\/uploads\/2025\/02\/Untitled_Artwork.png 2048w\" sizes=\"auto, (max-width: 706px) 89vw, (max-width: 767px) 82vw, 740px\" \/><\/figure><div class=\"wp-block-media-text__content\">\n<p><\/p>\n\n\n\n<p><strong>Der Palmgarten<\/strong><\/p>\n\n\n\n<p>Der Palmengarten ist 400 Quadratmeter gross und vom Fr\u00fchling bis in den Sp\u00e4therbst ge\u00f6ffnet. Im Garten hat es 5 Barstationen und in 4 Meter H\u00f6he \u00fcber der Gin Bar ist eine 12m2 LED-Wand installiert, auf der alle Spiele des FC St. Gallen und andere Sportanl\u00e4sse \u00fcbertragen werden.<\/p>\n\n\n\n<p><\/p>\n<\/div><\/div>\n\n\n\n<div class=\"wp-block-media-text has-media-on-the-right is-stacked-on-mobile is-image-fill-element has-black-color has-white-background-color has-text-color has-background has-link-color wp-elements-0d6c20aca247996ba4f316c30b29fe1d\"><div class=\"wp-block-media-text__content\">\n<p><\/p>\n\n\n\n<p><strong>Main Floor<\/strong><\/p>\n\n\n\n<p>Unser grosser Stolz ist die zw\u00f6lf Meter lange Bar, die von vier Seiten aus bedient wird. Lange Wartezeiten sind (fast) ausgeschlossen und innerhalb kurzer Zeit sind alle G\u00e4ste bedient. Das BBC ist zweist\u00f6ckig und bietet Indoor sieben Barstationen.<\/p>\n\n\n\n<p><\/p>\n<\/div><figure class=\"wp-block-media-text__media\"><img loading=\"lazy\" decoding=\"async\" width=\"1024\" height=\"683\" src=\"https:\/\/sgsvz.ch\/wp-content\/uploads\/2025\/02\/Indoor_Bar___media_library_original_1920_1280-1024x683.jpg\" alt=\"\" class=\"wp-image-206 size-full\" style=\"object-position:13% 56%\" srcset=\"https:\/\/sgsvz.ch\/wp-content\/uploads\/2025\/02\/Indoor_Bar___media_library_original_1920_1280-1024x683.jpg 1024w, https:\/\/sgsvz.ch\/wp-content\/uploads\/2025\/02\/Indoor_Bar___media_library_original_1920_1280-300x200.jpg 300w, https:\/\/sgsvz.ch\/wp-content\/uploads\/2025\/02\/Indoor_Bar___media_library_original_1920_1280-768x512.jpg 768w, https:\/\/sgsvz.ch\/wp-content\/uploads\/2025\/02\/Indoor_Bar___media_library_original_1920_1280-1536x1025.jpg 1536w, https:\/\/sgsvz.ch\/wp-content\/uploads\/2025\/02\/Indoor_Bar___media_library_original_1920_1280.jpg 1919w\" sizes=\"auto, (max-width: 706px) 89vw, (max-width: 767px) 82vw, 740px\" \/><\/figure><\/div>\n\n\n\n<div class=\"wp-block-media-text is-stacked-on-mobile is-image-fill-element has-black-color has-white-background-color has-text-color has-background has-link-color wp-elements-230628e232d439cdd45ae73ecce12f3a\"><figure class=\"wp-block-media-text__media\"><img loading=\"lazy\" decoding=\"async\" width=\"1024\" height=\"1024\" src=\"https:\/\/sgsvz.ch\/wp-content\/uploads\/2025\/02\/Untitled_Artwork-1024x1024.png\" alt=\"\" class=\"wp-image-55 size-full\" style=\"object-position:50% 50%\" srcset=\"https:\/\/sgsvz.ch\/wp-content\/uploads\/2025\/02\/Untitled_Artwork-1024x1024.png 1024w, https:\/\/sgsvz.ch\/wp-content\/uploads\/2025\/02\/Untitled_Artwork-300x300.png 300w, https:\/\/sgsvz.ch\/wp-content\/uploads\/2025\/02\/Untitled_Artwork-150x150.png 150w, https:\/\/sgsvz.ch\/wp-content\/uploads\/2025\/02\/Untitled_Artwork-768x768.png 768w, https:\/\/sgsvz.ch\/wp-content\/uploads\/2025\/02\/Untitled_Artwork-1536x1536.png 1536w, https:\/\/sgsvz.ch\/wp-content\/uploads\/2025\/02\/Untitled_Artwork-100x100.png 100w, https:\/\/sgsvz.ch\/wp-content\/uploads\/2025\/02\/Untitled_Artwork.png 2048w\" sizes=\"auto, (max-width: 706px) 89vw, (max-width: 767px) 82vw, 740px\" \/><\/figure><div class=\"wp-block-media-text__content\">\n<p><\/p>\n\n\n\n<p><strong>Gin Bar<\/strong><\/p>\n\n\n\n<p>F\u00fcr alle Gin-Fans hat das BBC \u00fcber 50 Geschmacksrichtungen aus der ganzen Welt im Sortiment. Je eine Gin-Bar gibt es Indoor und im Palmengarten. Du magst keinen Gin Tonic? Glauben wir nicht, auch dich bringen wir auf den Geschmack.<\/p>\n\n\n\n<p><\/p>\n<\/div><\/div>\n\n\n\n<div class=\"wp-block-media-text has-media-on-the-right is-stacked-on-mobile is-image-fill-element has-black-color has-white-background-color has-text-color has-background has-link-color wp-elements-3ba10df27c821d410585e9153872252e\"><div class=\"wp-block-media-text__content\">\n<p><\/p>\n\n\n\n<p><strong>Smoking Lounge<\/strong><\/p>\n\n\n\n<p>Das BBC hat eine 50 Quadratmeter grosse Smoking Lounge! Der Humidor wird vom Zigarrenclub Gossau bewirtschaftet. Jeden Montag treffen sich die \u201e\u00e4lteren\u201c Herren und zelebrieren das Zigarrenrauchen.<\/p>\n\n\n\n<p><\/p>\n<\/div><figure class=\"wp-block-media-text__media\"><img loading=\"lazy\" decoding=\"async\" width=\"1024\" height=\"1024\" src=\"https:\/\/sgsvz.ch\/wp-content\/uploads\/2025\/02\/Untitled_Artwork-1024x1024.png\" alt=\"\" class=\"wp-image-55 size-full\" style=\"object-position:50% 50%\" srcset=\"https:\/\/sgsvz.ch\/wp-content\/uploads\/2025\/02\/Untitled_Artwork-1024x1024.png 1024w, https:\/\/sgsvz.ch\/wp-content\/uploads\/2025\/02\/Untitled_Artwork-300x300.png 300w, https:\/\/sgsvz.ch\/wp-content\/uploads\/2025\/02\/Untitled_Artwork-150x150.png 150w, https:\/\/sgsvz.ch\/wp-content\/uploads\/2025\/02\/Untitled_Artwork-768x768.png 768w, https:\/\/sgsvz.ch\/wp-content\/uploads\/2025\/02\/Untitled_Artwork-1536x1536.png 1536w, https:\/\/sgsvz.ch\/wp-content\/uploads\/2025\/02\/Untitled_Artwork-100x100.png 100w, https:\/\/sgsvz.ch\/wp-content\/uploads\/2025\/02\/Untitled_Artwork.png 2048w\" sizes=\"auto, (max-width: 706px) 89vw, (max-width: 767px) 82vw, 740px\" \/><\/figure><\/div>\n\n\n\n<div class=\"wp-block-media-text is-stacked-on-mobile is-image-fill-element has-black-color has-white-background-color has-text-color has-background has-link-color wp-elements-2cc6e258a2a0d7ff93d35f367b076fe1\"><figure class=\"wp-block-media-text__media\"><img loading=\"lazy\" decoding=\"async\" width=\"1024\" height=\"1024\" src=\"https:\/\/sgsvz.ch\/wp-content\/uploads\/2025\/02\/Untitled_Artwork-1024x1024.png\" alt=\"\" class=\"wp-image-55 size-full\" style=\"object-position:50% 50%\" srcset=\"https:\/\/sgsvz.ch\/wp-content\/uploads\/2025\/02\/Untitled_Artwork-1024x1024.png 1024w, https:\/\/sgsvz.ch\/wp-content\/uploads\/2025\/02\/Untitled_Artwork-300x300.png 300w, https:\/\/sgsvz.ch\/wp-content\/uploads\/2025\/02\/Untitled_Artwork-150x150.png 150w, https:\/\/sgsvz.ch\/wp-content\/uploads\/2025\/02\/Untitled_Artwork-768x768.png 768w, https:\/\/sgsvz.ch\/wp-content\/uploads\/2025\/02\/Untitled_Artwork-1536x1536.png 1536w, https:\/\/sgsvz.ch\/wp-content\/uploads\/2025\/02\/Untitled_Artwork-100x100.png 100w, https:\/\/sgsvz.ch\/wp-content\/uploads\/2025\/02\/Untitled_Artwork.png 2048w\" sizes=\"auto, (max-width: 706px) 89vw, (max-width: 767px) 82vw, 740px\" \/><\/figure><div class=\"wp-block-media-text__content\">\n<p><\/p>\n\n\n\n<p><strong>Spielm\u00f6glichkeiten<\/strong><\/p>\n\n\n\n<p>Spielm\u00f6glichkeiten sind Tischfussball, Mini-Tischtennis, Dart und Tools wie eine Klimmzugstange. Im Sommer packen wir zudem unsere Beer-Pong-Tische aus, spielen macht ja bekanntlich durstig. <a href=\"https:\/\/sgsvz.ch\/?page_id=248\" data-type=\"page\" data-id=\"248\">Dukebox beta<\/a><\/p>\n\n\n\n<p><\/p>\n<\/div><\/div>\n\n\n\n<p><\/p>\n","protected":false},"excerpt":{"rendered":"<p>Vielleicht bist du k\u00fcnstlerisch t\u00e4tig und m\u00f6chtest dich und deine Arbeiten hier vorstellen. Oder du hast vielleicht ein Unternehmen, dessen Mission du hier beschreiben m\u00f6chtest. Der Palmgarten Der Palmengarten ist 400 Quadratmeter gross und vom Fr\u00fchling bis in den Sp\u00e4therbst ge\u00f6ffnet. Im Garten hat es 5 Barstationen und in 4 Meter H\u00f6he \u00fcber der Gin &hellip; <\/p>\n<p class=\"link-more\"><a href=\"https:\/\/sgsvz.ch\/?page_id=15\" class=\"more-link\"><span class=\"screen-reader-text\">\u201e\u00dcber uns\u201c<\/span> weiterlesen<\/a><\/p>\n","protected":false},"author":2,"featured_media":0,"parent":0,"menu_order":0,"comment_status":"closed","ping_status":"closed","template":"","meta":{"footnotes":""},"class_list":["post-15","page","type-page","status-publish","hentry"],"_links":{"self":[{"href":"https:\/\/sgsvz.ch\/index.php?rest_route=\/wp\/v2\/pages\/15","targetHints":{"allow":["GET"]}}],"collection":[{"href":"https:\/\/sgsvz.ch\/index.php?rest_route=\/wp\/v2\/pages"}],"about":[{"href":"https:\/\/sgsvz.ch\/index.php?rest_route=\/wp\/v2\/types\/page"}],"author":[{"embeddable":true,"href":"https:\/\/sgsvz.ch\/index.php?rest_route=\/wp\/v2\/users\/2"}],"replies":[{"embeddable":true,"href":"https:\/\/sgsvz.ch\/index.php?rest_route=%2Fwp%2Fv2%2Fcomments&post=15"}],"version-history":[{"count":24,"href":"https:\/\/sgsvz.ch\/index.php?rest_route=\/wp\/v2\/pages\/15\/revisions"}],"predecessor-version":[{"id":250,"href":"https:\/\/sgsvz.ch\/index.php?rest_route=\/wp\/v2\/pages\/15\/revisions\/250"}],"wp:attachment":[{"href":"https:\/\/sgsvz.ch\/index.php?rest_route=%2Fwp%2Fv2%2Fmedia&parent=15"}],"curies":[{"name":"wp","href":"https:\/\/api.w.org\/{rel}","templated":true}]}}